{"id":19634,"date":"2018-10-10T12:19:39","date_gmt":"2018-10-10T10:19:39","guid":{"rendered":"https:\/\/uresim.es\/?page_id=19634"},"modified":"2022-01-26T13:18:45","modified_gmt":"2022-01-26T11:18:45","slug":"beauty-packs","status":"publish","type":"page","link":"https:\/\/uresim.es\/pt-pt\/beauty-packs\/","title":{"rendered":"Beauty Packs"},"content":{"rendered":"[vc_row type=&#8221;full_width_background&#8221; full_screen_row_position=&#8221;middle&#8221; column_margin=&#8221;default&#8221; column_direction=&#8221;default&#8221; column_direction_tablet=&#8221;default&#8221; column_direction_phone=&#8221;default&#8221; scene_position=&#8221;center&#8221; top_padding=&#8221;60&#8243; bottom_padding=&#8221;60&#8243; text_color=&#8221;dark&#8221; text_align=&#8221;center&#8221; row_border_radius=&#8221;none&#8221; row_border_radius_applies=&#8221;bg&#8221; overlay_strength=&#8221;0.3&#8243; gradient_direction=&#8221;left_to_right&#8221; shape_divider_position=&#8221;bottom&#8221; bg_image_animation=&#8221;none&#8221;][vc_column column_padding=&#8221;no-extra-padding&#8221; column_padding_tablet=&#8221;inherit&#8221; column_padding_phone=&#8221;inherit&#8221; column_padding_position=&#8221;all&#8221; background_color_opacity=&#8221;1&#8243; background_hover_color_opacity=&#8221;1&#8243; column_shadow=&#8221;none&#8221; column_border_radius=&#8221;none&#8221; column_link_target=&#8221;_self&#8221; gradient_direction=&#8221;left_to_right&#8221; overlay_strength=&#8221;0.3&#8243; width=&#8221;1\/1&#8243; tablet_width_inherit=&#8221;default&#8221; tablet_text_alignment=&#8221;default&#8221; phone_text_alignment=&#8221;default&#8221; column_border_width=&#8221;none&#8221; column_border_style=&#8221;solid&#8221; bg_image_animation=&#8221;none&#8221;][vc_column_text max_width=&#8221;700&#8243; el_class=&#8221;special-h1&#8243;]\n<h1>BEAUTY PACKS<\/h1>\n<p>A Uresim criou uma linha de embalagens para cuidados faciais que se adaptam \u00e0s necessidades da pele. Repare os danos, renove os tecidos, atenda a falta de hidrata\u00e7\u00e3o &#8230;<br \/>\nEncontre o seu pacote Uresim.[\/vc_column_text][\/vc_column][\/vc_row][vc_row type=&#8221;full_width_content&#8221; full_screen_row_position=&#8221;middle&#8221; column_margin=&#8221;default&#8221; column_direction=&#8221;default&#8221; column_direction_tablet=&#8221;default&#8221; column_direction_phone=&#8221;default&#8221; scene_position=&#8221;center&#8221; text_color=&#8221;dark&#8221; text_align=&#8221;left&#8221; row_border_radius=&#8221;none&#8221; row_border_radius_applies=&#8221;bg&#8221; overlay_strength=&#8221;0.3&#8243; gradient_direction=&#8221;left_to_right&#8221; shape_divider_position=&#8221;bottom&#8221; bg_image_animation=&#8221;none&#8221;][vc_column column_padding=&#8221;padding-1-percent&#8221; column_padding_tablet=&#8221;inherit&#8221; column_padding_phone=&#8221;inherit&#8221; column_padding_position=&#8221;all&#8221; background_color_opacity=&#8221;1&#8243; background_hover_color_opacity=&#8221;1&#8243; column_shadow=&#8221;none&#8221; column_border_radius=&#8221;none&#8221; column_link_target=&#8221;_self&#8221; gradient_direction=&#8221;left_to_right&#8221; overlay_strength=&#8221;0.3&#8243; width=&#8221;1\/1&#8243; tablet_width_inherit=&#8221;default&#8221; tablet_text_alignment=&#8221;default&#8221; phone_text_alignment=&#8221;default&#8221; column_border_width=&#8221;none&#8221; column_border_style=&#8221;solid&#8221; bg_image_animation=&#8221;none&#8221;][vc_row_inner column_margin=&#8221;default&#8221; column_direction=&#8221;default&#8221; column_direction_tablet=&#8221;default&#8221; column_direction_phone=&#8221;default&#8221; text_align=&#8221;left&#8221;][vc_column_inner column_padding=&#8221;padding-1-percent&#8221; column_padding_tablet=&#8221;inherit&#8221; column_padding_phone=&#8221;inherit&#8221; column_padding_position=&#8221;all&#8221; background_color_opacity=&#8221;1&#8243; background_hover_color_opacity=&#8221;1&#8243; column_shadow=&#8221;none&#8221; column_border_radius=&#8221;none&#8221; column_link_target=&#8221;_self&#8221; gradient_direction=&#8221;left_to_right&#8221; overlay_strength=&#8221;0.3&#8243; width=&#8221;1\/3&#8243; tablet_width_inherit=&#8221;default&#8221; column_border_width=&#8221;none&#8221; column_border_style=&#8221;solid&#8221; bg_image_animation=&#8221;none&#8221;][fancy_box box_style=&#8221;default&#8221; icon_family=&#8221;none&#8221; image_url=&#8221;315&#8243; color=&#8221;accent-color&#8221; border_radius=&#8221;default&#8221; image_loading=&#8221;default&#8221; min_height=&#8221;100&#8243; link_url=&#8221;https:\/\/uresim.es\/pt-pt\/producto\/repare-e-renove-sua-pele\/&#8221; link_text=&#8221;Ver produto&#8221;]<a href=\"https:\/\/uresim.es\/wp-content\/uploads\/2018\/10\/beauty-packs-crema-reparadora-uresim.png\" rel=\"prettyPhoto[gallery-Rn1G]\"><img loading=\"lazy\" decoding=\"async\" class=\"aligncenter wp-image-19606 size-full\" title=\"Repare e renove sua pele\" src=\"https:\/\/uresim.es\/wp-content\/uploads\/2018\/10\/beauty-packs-crema-reparadora-uresim.png\" alt=\"Repare e renove sua pele\" width=\"243\" height=\"250\" \/><\/a><\/p>\n<h2>Repare e renove sua pele<\/h2>\n[\/fancy_box][\/vc_column_inner][vc_column_inner column_padding=&#8221;padding-1-percent&#8221; column_padding_tablet=&#8221;inherit&#8221; column_padding_phone=&#8221;inherit&#8221; column_padding_position=&#8221;all&#8221; background_color_opacity=&#8221;1&#8243; background_hover_color_opacity=&#8221;1&#8243; column_shadow=&#8221;none&#8221; column_border_radius=&#8221;none&#8221; column_link_target=&#8221;_self&#8221; gradient_direction=&#8221;left_to_right&#8221; overlay_strength=&#8221;0.3&#8243; width=&#8221;1\/3&#8243; tablet_width_inherit=&#8221;default&#8221; column_border_width=&#8221;none&#8221; column_border_style=&#8221;solid&#8221; bg_image_animation=&#8221;none&#8221;][fancy_box box_style=&#8221;default&#8221; icon_family=&#8221;none&#8221; image_url=&#8221;315&#8243; color=&#8221;accent-color&#8221; border_radius=&#8221;default&#8221; image_loading=&#8221;default&#8221; min_height=&#8221;100&#8243; link_url=&#8221;https:\/\/uresim.es\/pt-pt\/producto\/revitalize-sua-pele\/&#8221; link_text=&#8221;Ver produto&#8221;]<a href=\"https:\/\/uresim.es\/wp-content\/uploads\/2022\/01\/BP_URESIM_NUTRI_CREAM_SERUM_WEB.jpg\" rel=\"prettyPhoto[gallery-Rn1G]\"><img loading=\"lazy\" decoding=\"async\" class=\"aligncenter wp-image-26264 \" title=\"\u00a0Revitalize sua pele\" src=\"https:\/\/uresim.es\/wp-content\/uploads\/2022\/01\/BP_URESIM_NUTRI_CREAM_SERUM_WEB-e1643195609237-1024x624.jpg\" alt=\"\" width=\"370\" height=\"225\" srcset=\"https:\/\/uresim.es\/wp-content\/uploads\/2022\/01\/BP_URESIM_NUTRI_CREAM_SERUM_WEB-e1643195609237-1024x624.jpg 1024w, https:\/\/uresim.es\/wp-content\/uploads\/2022\/01\/BP_URESIM_NUTRI_CREAM_SERUM_WEB-e1643195609237-300x183.jpg 300w, https:\/\/uresim.es\/wp-content\/uploads\/2022\/01\/BP_URESIM_NUTRI_CREAM_SERUM_WEB-e1643195609237-768x468.jpg 768w, https:\/\/uresim.es\/wp-content\/uploads\/2022\/01\/BP_URESIM_NUTRI_CREAM_SERUM_WEB-e1643195609237-1536x936.jpg 1536w, https:\/\/uresim.es\/wp-content\/uploads\/2022\/01\/BP_URESIM_NUTRI_CREAM_SERUM_WEB-e1643195609237-600x366.jpg 600w, https:\/\/uresim.es\/wp-content\/uploads\/2022\/01\/BP_URESIM_NUTRI_CREAM_SERUM_WEB-e1643195609237.jpg 1980w\" sizes=\"auto, (max-width: 370px) 100vw, 370px\" \/><\/a><\/p>\n<h2>\u00a0Revitalize sua pele<\/h2>\n[\/fancy_box][\/vc_column_inner][vc_column_inner column_padding=&#8221;padding-1-percent&#8221; column_padding_tablet=&#8221;inherit&#8221; column_padding_phone=&#8221;inherit&#8221; column_padding_position=&#8221;all&#8221; background_color_opacity=&#8221;1&#8243; background_hover_color_opacity=&#8221;1&#8243; column_shadow=&#8221;none&#8221; column_border_radius=&#8221;none&#8221; column_link_target=&#8221;_self&#8221; gradient_direction=&#8221;left_to_right&#8221; overlay_strength=&#8221;0.3&#8243; width=&#8221;1\/3&#8243; tablet_width_inherit=&#8221;default&#8221; column_border_width=&#8221;none&#8221; column_border_style=&#8221;solid&#8221; bg_image_animation=&#8221;none&#8221;][fancy_box box_style=&#8221;default&#8221; icon_family=&#8221;none&#8221; image_url=&#8221;315&#8243; color=&#8221;accent-color&#8221; border_radius=&#8221;default&#8221; image_loading=&#8221;default&#8221; min_height=&#8221;100&#8243; link_url=&#8221;https:\/\/uresim.es\/pt-pt\/producto\/recupere-a-hidratacao\/&#8221; link_text=&#8221;Ver produto&#8221;]<a href=\"https:\/\/uresim.es\/wp-content\/uploads\/2022\/01\/BP_URESIM_HYALURONIC-NUEVO.jpg\" rel=\"prettyPhoto[gallery-Rn1G]\"><img loading=\"lazy\" decoding=\"async\" class=\"aligncenter wp-image-26268 \" title=\"Recupere a hidrata\u00e7\u00e3o\" src=\"https:\/\/uresim.es\/wp-content\/uploads\/2022\/01\/BP_URESIM_HYALURONIC-NUEVO-e1643195747711-1024x622.jpg\" alt=\"\" width=\"393\" height=\"239\" srcset=\"https:\/\/uresim.es\/wp-content\/uploads\/2022\/01\/BP_URESIM_HYALURONIC-NUEVO-e1643195747711-1024x622.jpg 1024w, https:\/\/uresim.es\/wp-content\/uploads\/2022\/01\/BP_URESIM_HYALURONIC-NUEVO-e1643195747711-300x182.jpg 300w, https:\/\/uresim.es\/wp-content\/uploads\/2022\/01\/BP_URESIM_HYALURONIC-NUEVO-e1643195747711-768x466.jpg 768w, https:\/\/uresim.es\/wp-content\/uploads\/2022\/01\/BP_URESIM_HYALURONIC-NUEVO-e1643195747711-600x364.jpg 600w, https:\/\/uresim.es\/wp-content\/uploads\/2022\/01\/BP_URESIM_HYALURONIC-NUEVO-e1643195747711.jpg 1500w\" sizes=\"auto, (max-width: 393px) 100vw, 393px\" \/><\/a><\/p>\n<h2>Recupere a hidrata\u00e7\u00e3o<\/h2>\n[\/fancy_box][\/vc_column_inner][\/vc_row_inner][vc_row_inner column_margin=&#8221;default&#8221; column_direction=&#8221;default&#8221; column_direction_tablet=&#8221;default&#8221; column_direction_phone=&#8221;default&#8221; text_align=&#8221;left&#8221;][vc_column_inner column_padding=&#8221;padding-1-percent&#8221; column_padding_tablet=&#8221;inherit&#8221; column_padding_phone=&#8221;inherit&#8221; column_padding_position=&#8221;all&#8221; background_color_opacity=&#8221;1&#8243; background_hover_color_opacity=&#8221;1&#8243; column_shadow=&#8221;none&#8221; column_border_radius=&#8221;none&#8221; column_link_target=&#8221;_self&#8221; gradient_direction=&#8221;left_to_right&#8221; overlay_strength=&#8221;0.3&#8243; width=&#8221;1\/3&#8243; tablet_width_inherit=&#8221;default&#8221; column_border_width=&#8221;none&#8221; column_border_style=&#8221;solid&#8221; bg_image_animation=&#8221;none&#8221;][fancy_box box_style=&#8221;default&#8221; icon_family=&#8221;none&#8221; image_url=&#8221;315&#8243; color=&#8221;accent-color&#8221; border_radius=&#8221;default&#8221; image_loading=&#8221;default&#8221; min_height=&#8221;100&#8243; link_url=&#8221;https:\/\/uresim.es\/pt-pt\/producto\/pontos-zero\/&#8221; link_text=&#8221;Ver produto&#8221;]<a href=\"https:\/\/uresim.es\/wp-content\/uploads\/2018\/10\/beauty-packs-despigmentant-uresim.png\" rel=\"prettyPhoto[gallery-Rn1G]\"><img loading=\"lazy\" decoding=\"async\" class=\"aligncenter wp-image-19609 size-full\" title=\"Pontos Zero\" src=\"https:\/\/uresim.es\/wp-content\/uploads\/2018\/10\/beauty-packs-despigmentant-uresim.png\" alt=\"Pontos Zero\" width=\"243\" height=\"250\" \/><\/a><\/p>\n<h2>Pontos Zero<\/h2>\n[\/fancy_box][\/vc_column_inner][\/vc_row_inner][\/vc_column][\/vc_row][vc_row type=&#8221;full_width_background&#8221; full_screen_row_position=&#8221;middle&#8221; column_margin=&#8221;default&#8221; column_direction=&#8221;default&#8221; column_direction_tablet=&#8221;default&#8221; column_direction_phone=&#8221;default&#8221; scene_position=&#8221;center&#8221; top_padding=&#8221;60&#8243; bottom_padding=&#8221;60&#8243; text_color=&#8221;dark&#8221; text_align=&#8221;left&#8221; row_border_radius=&#8221;none&#8221; row_border_radius_applies=&#8221;bg&#8221; overlay_strength=&#8221;0.3&#8243; gradient_direction=&#8221;left_to_right&#8221; shape_divider_position=&#8221;bottom&#8221; bg_image_animation=&#8221;none&#8221;][vc_column column_padding=&#8221;padding-1-percent&#8221; column_padding_tablet=&#8221;inherit&#8221; column_padding_phone=&#8221;inherit&#8221; column_padding_position=&#8221;all&#8221; background_color_opacity=&#8221;1&#8243; background_hover_color_opacity=&#8221;1&#8243; column_shadow=&#8221;none&#8221; column_border_radius=&#8221;none&#8221; column_link_target=&#8221;_self&#8221; gradient_direction=&#8221;left_to_right&#8221; overlay_strength=&#8221;0.3&#8243; width=&#8221;1\/2&#8243; tablet_width_inherit=&#8221;default&#8221; tablet_text_alignment=&#8221;default&#8221; phone_text_alignment=&#8221;default&#8221; column_border_width=&#8221;none&#8221; column_border_style=&#8221;solid&#8221; bg_image_animation=&#8221;none&#8221; column_link=&#8221;https:\/\/uresim.es\/donde-comprar\/&#8221;]<div class=\"iwithtext\"><div class=\"iwt-icon\"> <i class=\"icon-default-style fa fa-search accent-color\"><\/i> <\/div><div class=\"iwt-text\"> \n<h2>ONDE ESTAMOS<\/h2>\n<p>Descubra os produtos Uresim na sua farm\u00e1cia. <\/div><div class=\"clear\"><\/div><\/div>[\/vc_column][vc_column column_padding=&#8221;padding-1-percent&#8221; column_padding_tablet=&#8221;inherit&#8221; column_padding_phone=&#8221;inherit&#8221; column_padding_position=&#8221;all&#8221; background_color_opacity=&#8221;1&#8243; background_hover_color_opacity=&#8221;1&#8243; column_shadow=&#8221;none&#8221; column_border_radius=&#8221;none&#8221; column_link_target=&#8221;_self&#8221; gradient_direction=&#8221;left_to_right&#8221; overlay_strength=&#8221;0.3&#8243; width=&#8221;1\/2&#8243; tablet_width_inherit=&#8221;default&#8221; tablet_text_alignment=&#8221;default&#8221; phone_text_alignment=&#8221;default&#8221; column_border_width=&#8221;none&#8221; column_border_style=&#8221;solid&#8221; bg_image_animation=&#8221;none&#8221; column_link=&#8221;https:\/\/uresim.es\/newsbeauty\/&#8221;]<div class=\"iwithtext\"><div class=\"iwt-icon\"> <i class=\"icon-default-style fa fa-bookmark-o accent-color\"><\/i> <\/div><div class=\"iwt-text\"> \n<h2>NEWS&amp;BEAUTY<\/h2>\n<p>Conhe\u00e7a o mundo da Uresim, as novidades, as mais recentes tend\u00eancias da dermocosm\u00e9tica e produtos para cuidar da pele. Inscreva-se no nosso blogue. <\/div><div class=\"clear\"><\/div><\/div>[\/vc_column][\/vc_row]\n","protected":false},"excerpt":{"rendered":"<p>[vc_row type=&#8221;full_width_background&#8221; full_screen_row_position=&#8221;middle&#8221; column_margin=&#8221;default&#8221; column_direction=&#8221;default&#8221; column_direction_tablet=&#8221;default&#8221; column_direction_phone=&#8221;default&#8221; scene_position=&#8221;center&#8221; top_padding=&#8221;60&#8243; bottom_padding=&#8221;60&#8243; text_color=&#8221;dark&#8221; text_align=&#8221;center&#8221; row_border_radius=&#8221;none&#8221; row_border_radius_applies=&#8221;bg&#8221; overlay_strength=&#8221;0.3&#8243; gradient_direction=&#8221;left_to_right&#8221; shape_divider_position=&#8221;bottom&#8221; bg_image_animation=&#8221;none&#8221;][vc_column column_padding=&#8221;no-extra-padding&#8221; column_padding_tablet=&#8221;inherit&#8221; column_padding_phone=&#8221;inherit&#8221; column_padding_position=&#8221;all&#8221; background_color_opacity=&#8221;1&#8243; background_hover_color_opacity=&#8221;1&#8243; column_shadow=&#8221;none&#8221; column_border_radius=&#8221;none&#8221; column_link_target=&#8221;_self&#8221; gradient_direction=&#8221;left_to_right&#8221; overlay_strength=&#8221;0.3&#8243; width=&#8221;1\/1&#8243;&#8230;<\/p>\n","protected":false},"author":3,"featured_media":0,"parent":0,"menu_order":0,"comment_status":"closed","ping_status":"closed","template":"","meta":{"footnotes":""},"class_list":["post-19634","page","type-page","status-publish"],"_links":{"self":[{"href":"https:\/\/uresim.es\/pt-pt\/wp-json\/wp\/v2\/pages\/19634","targetHints":{"allow":["GET"]}}],"collection":[{"href":"https:\/\/uresim.es\/pt-pt\/wp-json\/wp\/v2\/pages"}],"about":[{"href":"https:\/\/uresim.es\/pt-pt\/wp-json\/wp\/v2\/types\/page"}],"author":[{"embeddable":true,"href":"https:\/\/uresim.es\/pt-pt\/wp-json\/wp\/v2\/users\/3"}],"replies":[{"embeddable":true,"href":"https:\/\/uresim.es\/pt-pt\/wp-json\/wp\/v2\/comments?post=19634"}],"version-history":[{"count":13,"href":"https:\/\/uresim.es\/pt-pt\/wp-json\/wp\/v2\/pages\/19634\/revisions"}],"predecessor-version":[{"id":26285,"href":"https:\/\/uresim.es\/pt-pt\/wp-json\/wp\/v2\/pages\/19634\/revisions\/26285"}],"wp:attachment":[{"href":"https:\/\/uresim.es\/pt-pt\/wp-json\/wp\/v2\/media?parent=19634"}],"curies":[{"name":"wp","href":"https:\/\/api.w.org\/{rel}","templated":true}]}}