{"id":7228,"date":"2018-05-29T13:05:40","date_gmt":"2018-05-29T11:05:40","guid":{"rendered":"https:\/\/uresim.es\/?page_id=7228"},"modified":"2021-04-06T11:42:26","modified_gmt":"2021-04-06T09:42:26","slug":"oleos","status":"publish","type":"page","link":"https:\/\/uresim.es\/pt-pt\/oleos\/","title":{"rendered":"\u00d3leos"},"content":{"rendered":"[vc_row type=&#8221;full_width_background&#8221; full_screen_row_position=&#8221;middle&#8221; column_margin=&#8221;default&#8221; column_direction=&#8221;default&#8221; column_direction_tablet=&#8221;default&#8221; column_direction_phone=&#8221;default&#8221; scene_position=&#8221;center&#8221; top_padding=&#8221;60&#8243; bottom_padding=&#8221;60&#8243; text_color=&#8221;dark&#8221; text_align=&#8221;center&#8221; row_border_radius=&#8221;none&#8221; row_border_radius_applies=&#8221;bg&#8221; overlay_strength=&#8221;0.3&#8243; gradient_direction=&#8221;left_to_right&#8221; shape_divider_position=&#8221;bottom&#8221; bg_image_animation=&#8221;none&#8221;][vc_column column_padding=&#8221;no-extra-padding&#8221; column_padding_tablet=&#8221;inherit&#8221; column_padding_phone=&#8221;inherit&#8221; column_padding_position=&#8221;all&#8221; background_color_opacity=&#8221;1&#8243; background_hover_color_opacity=&#8221;1&#8243; column_shadow=&#8221;none&#8221; column_border_radius=&#8221;none&#8221; column_link_target=&#8221;_self&#8221; gradient_direction=&#8221;left_to_right&#8221; overlay_strength=&#8221;0.3&#8243; width=&#8221;1\/1&#8243; tablet_width_inherit=&#8221;default&#8221; tablet_text_alignment=&#8221;default&#8221; phone_text_alignment=&#8221;default&#8221; column_border_width=&#8221;none&#8221; column_border_style=&#8221;solid&#8221; bg_image_animation=&#8221;none&#8221;][vc_column_text max_width=&#8221;700&#8243; el_class=&#8221;special-h1&#8243;]\n<h1>\u00d3LEOS<\/h1>\n<p>Descubra as propriedades dos \u00f3leos naturais da Uresim. De origem vegetal e 100% puros, conferem \u00e0 pele \u00e1cidos essenciais.[\/vc_column_text][\/vc_column][\/vc_row][vc_row type=&#8221;full_width_content&#8221; full_screen_row_position=&#8221;middle&#8221; column_margin=&#8221;default&#8221; column_direction=&#8221;default&#8221; column_direction_tablet=&#8221;default&#8221; column_direction_phone=&#8221;default&#8221; scene_position=&#8221;center&#8221; text_color=&#8221;dark&#8221; text_align=&#8221;left&#8221; row_border_radius=&#8221;none&#8221; row_border_radius_applies=&#8221;bg&#8221; overlay_strength=&#8221;0.3&#8243; gradient_direction=&#8221;left_to_right&#8221; shape_divider_position=&#8221;bottom&#8221; bg_image_animation=&#8221;none&#8221;][vc_column column_padding=&#8221;padding-1-percent&#8221; column_padding_tablet=&#8221;inherit&#8221; column_padding_phone=&#8221;inherit&#8221; column_padding_position=&#8221;all&#8221; background_color_opacity=&#8221;1&#8243; background_hover_color_opacity=&#8221;1&#8243; column_shadow=&#8221;none&#8221; column_border_radius=&#8221;none&#8221; column_link_target=&#8221;_self&#8221; gradient_direction=&#8221;left_to_right&#8221; overlay_strength=&#8221;0.3&#8243; width=&#8221;1\/1&#8243; tablet_width_inherit=&#8221;default&#8221; tablet_text_alignment=&#8221;default&#8221; phone_text_alignment=&#8221;default&#8221; column_border_width=&#8221;none&#8221; column_border_style=&#8221;solid&#8221; bg_image_animation=&#8221;none&#8221;][vc_row_inner column_margin=&#8221;default&#8221; column_direction=&#8221;default&#8221; column_direction_tablet=&#8221;default&#8221; column_direction_phone=&#8221;default&#8221; text_align=&#8221;left&#8221;][vc_column_inner column_padding=&#8221;padding-1-percent&#8221; column_padding_tablet=&#8221;inherit&#8221; column_padding_phone=&#8221;inherit&#8221; column_padding_position=&#8221;all&#8221; background_color_opacity=&#8221;1&#8243; background_hover_color_opacity=&#8221;1&#8243; column_shadow=&#8221;none&#8221; column_border_radius=&#8221;none&#8221; column_link_target=&#8221;_self&#8221; gradient_direction=&#8221;left_to_right&#8221; overlay_strength=&#8221;0.3&#8243; width=&#8221;1\/3&#8243; tablet_width_inherit=&#8221;default&#8221; column_border_width=&#8221;none&#8221; column_border_style=&#8221;solid&#8221; bg_image_animation=&#8221;none&#8221;][fancy_box box_style=&#8221;default&#8221; icon_family=&#8221;none&#8221; color=&#8221;accent-color&#8221; border_radius=&#8221;default&#8221; image_loading=&#8221;default&#8221; min_height=&#8221;100&#8243; link_url=&#8221;https:\/\/uresim.es\/pt-pt\/producto\/oleo-de-argao\/&#8221; link_text=&#8221;Ver produto&#8221;]<a href=\"https:\/\/uresim.es\/wp-content\/uploads\/2019\/02\/COMPO-ACEITE-PURO-ARGAN11.jpg\" rel=\"prettyPhoto[gallery-EUZV]\"><img loading=\"lazy\" decoding=\"async\" class=\"aligncenter wp-image-22364 size-full\" title=\"\u00d3leo de Arg\u00e3o\" src=\"https:\/\/uresim.es\/wp-content\/uploads\/2019\/02\/COMPO-ACEITE-PURO-ARGAN11.jpg\" alt=\"\u00d3leo de Arg\u00e3o\" width=\"250\" height=\"250\" srcset=\"https:\/\/uresim.es\/wp-content\/uploads\/2019\/02\/COMPO-ACEITE-PURO-ARGAN11.jpg 250w, https:\/\/uresim.es\/wp-content\/uploads\/2019\/02\/COMPO-ACEITE-PURO-ARGAN11-150x150.jpg 150w, https:\/\/uresim.es\/wp-content\/uploads\/2019\/02\/COMPO-ACEITE-PURO-ARGAN11-100x100.jpg 100w, https:\/\/uresim.es\/wp-content\/uploads\/2019\/02\/COMPO-ACEITE-PURO-ARGAN11-140x140.jpg 140w\" sizes=\"auto, (max-width: 250px) 100vw, 250px\" \/><\/a><\/p>\n<h2>\u00d3leo de Arg\u00e3o<\/h2>\n[\/fancy_box][\/vc_column_inner][vc_column_inner column_padding=&#8221;padding-1-percent&#8221; column_padding_tablet=&#8221;inherit&#8221; column_padding_phone=&#8221;inherit&#8221; column_padding_position=&#8221;all&#8221; background_color_opacity=&#8221;1&#8243; background_hover_color_opacity=&#8221;1&#8243; column_shadow=&#8221;none&#8221; column_border_radius=&#8221;none&#8221; column_link_target=&#8221;_self&#8221; gradient_direction=&#8221;left_to_right&#8221; overlay_strength=&#8221;0.3&#8243; width=&#8221;1\/3&#8243; tablet_width_inherit=&#8221;default&#8221; column_border_width=&#8221;none&#8221; column_border_style=&#8221;solid&#8221; bg_image_animation=&#8221;none&#8221;][fancy_box box_style=&#8221;default&#8221; icon_family=&#8221;none&#8221; image_url=&#8221;315&#8243; color=&#8221;accent-color&#8221; border_radius=&#8221;default&#8221; image_loading=&#8221;default&#8221; min_height=&#8221;100&#8243; link_url=&#8221;https:\/\/uresim.es\/pt-pt\/producto\/oleo-de-rosa-mosqueta\/&#8221; link_text=&#8221;Ver produto&#8221;]<a href=\"https:\/\/uresim.es\/wp-content\/uploads\/2018\/02\/aceite-rosa-mosqueta.png\" rel=\"prettyPhoto[gallery-EUZV]\"><img loading=\"lazy\" decoding=\"async\" class=\"aligncenter wp-image-19574 size-full\" title=\"\u00d3leo de Rosa Mosqueta\" src=\"https:\/\/uresim.es\/wp-content\/uploads\/2018\/02\/aceite-rosa-mosqueta.png\" alt=\"\u00d3leo de Rosa Mosqueta\" width=\"243\" height=\"250\" \/><\/a><\/p>\n<h2>\u00d3leo de Rosa Mosqueta<\/h2>\n[\/fancy_box][\/vc_column_inner][vc_column_inner column_padding=&#8221;padding-1-percent&#8221; column_padding_tablet=&#8221;inherit&#8221; column_padding_phone=&#8221;inherit&#8221; column_padding_position=&#8221;all&#8221; background_color_opacity=&#8221;1&#8243; background_hover_color_opacity=&#8221;1&#8243; column_shadow=&#8221;none&#8221; column_border_radius=&#8221;none&#8221; column_link_target=&#8221;_self&#8221; gradient_direction=&#8221;left_to_right&#8221; overlay_strength=&#8221;0.3&#8243; width=&#8221;1\/3&#8243; tablet_width_inherit=&#8221;default&#8221; column_border_width=&#8221;none&#8221; column_border_style=&#8221;solid&#8221; bg_image_animation=&#8221;none&#8221;][fancy_box box_style=&#8221;default&#8221; icon_family=&#8221;none&#8221; image_url=&#8221;315&#8243; color=&#8221;accent-color&#8221; border_radius=&#8221;default&#8221; image_loading=&#8221;default&#8221; min_height=&#8221;100&#8243; link_url=&#8221;https:\/\/uresim.es\/pt-pt\/producto\/oleo-da-arvore-do-cha\/&#8221; link_text=&#8221;Ver produto&#8221;]<a href=\"https:\/\/uresim.es\/wp-content\/uploads\/2019\/02\/URESIM-ACEITE-ARBOL-DE-TE-ENVASE-111-1.jpg\" rel=\"prettyPhoto[gallery-EUZV]\"><img loading=\"lazy\" decoding=\"async\" class=\"aligncenter wp-image-22371 size-full\" title=\"\u00d3leo da \u00c1rvore do Ch\u00e1\" src=\"https:\/\/uresim.es\/wp-content\/uploads\/2019\/02\/URESIM-ACEITE-ARBOL-DE-TE-ENVASE-111-1.jpg\" alt=\"\u00d3leo da \u00c1rvore do Ch\u00e1\" width=\"250\" height=\"250\" srcset=\"https:\/\/uresim.es\/wp-content\/uploads\/2019\/02\/URESIM-ACEITE-ARBOL-DE-TE-ENVASE-111-1.jpg 250w, https:\/\/uresim.es\/wp-content\/uploads\/2019\/02\/URESIM-ACEITE-ARBOL-DE-TE-ENVASE-111-1-150x150.jpg 150w, https:\/\/uresim.es\/wp-content\/uploads\/2019\/02\/URESIM-ACEITE-ARBOL-DE-TE-ENVASE-111-1-100x100.jpg 100w, https:\/\/uresim.es\/wp-content\/uploads\/2019\/02\/URESIM-ACEITE-ARBOL-DE-TE-ENVASE-111-1-140x140.jpg 140w\" sizes=\"auto, (max-width: 250px) 100vw, 250px\" \/><\/a><\/p>\n<h2>\u00d3leo da \u00c1rvore do Ch\u00e1<\/h2>\n[\/fancy_box][\/vc_column_inner][\/vc_row_inner][\/vc_column][\/vc_row][vc_row type=&#8221;full_width_background&#8221; full_screen_row_position=&#8221;middle&#8221; column_margin=&#8221;default&#8221; column_direction=&#8221;default&#8221; column_direction_tablet=&#8221;default&#8221; column_direction_phone=&#8221;default&#8221; scene_position=&#8221;center&#8221; top_padding=&#8221;60&#8243; bottom_padding=&#8221;60&#8243; text_color=&#8221;dark&#8221; text_align=&#8221;left&#8221; row_border_radius=&#8221;none&#8221; row_border_radius_applies=&#8221;bg&#8221; overlay_strength=&#8221;0.3&#8243; gradient_direction=&#8221;left_to_right&#8221; shape_divider_position=&#8221;bottom&#8221; bg_image_animation=&#8221;none&#8221;][vc_column column_padding=&#8221;padding-1-percent&#8221; column_padding_tablet=&#8221;inherit&#8221; column_padding_phone=&#8221;inherit&#8221; column_padding_position=&#8221;all&#8221; background_color_opacity=&#8221;1&#8243; background_hover_color_opacity=&#8221;1&#8243; column_shadow=&#8221;none&#8221; column_border_radius=&#8221;none&#8221; column_link_target=&#8221;_self&#8221; gradient_direction=&#8221;left_to_right&#8221; overlay_strength=&#8221;0.3&#8243; width=&#8221;1\/2&#8243; tablet_width_inherit=&#8221;default&#8221; tablet_text_alignment=&#8221;default&#8221; phone_text_alignment=&#8221;default&#8221; column_border_width=&#8221;none&#8221; column_border_style=&#8221;solid&#8221; bg_image_animation=&#8221;none&#8221; column_link=&#8221;https:\/\/uresim.es\/donde-comprar\/&#8221;]<div class=\"iwithtext\"><div class=\"iwt-icon\"> <i class=\"icon-default-style fa fa-search accent-color\"><\/i> <\/div><div class=\"iwt-text\"> \n<h2>ONDE ESTAMOS<\/h2>\n<p>Descubra os produtos Uresim na sua farm\u00e1cia. <\/div><div class=\"clear\"><\/div><\/div>[\/vc_column][vc_column column_padding=&#8221;padding-1-percent&#8221; column_padding_tablet=&#8221;inherit&#8221; column_padding_phone=&#8221;inherit&#8221; column_padding_position=&#8221;all&#8221; background_color_opacity=&#8221;1&#8243; background_hover_color_opacity=&#8221;1&#8243; column_shadow=&#8221;none&#8221; column_border_radius=&#8221;none&#8221; column_link_target=&#8221;_self&#8221; gradient_direction=&#8221;left_to_right&#8221; overlay_strength=&#8221;0.3&#8243; width=&#8221;1\/2&#8243; tablet_width_inherit=&#8221;default&#8221; tablet_text_alignment=&#8221;default&#8221; phone_text_alignment=&#8221;default&#8221; column_border_width=&#8221;none&#8221; column_border_style=&#8221;solid&#8221; bg_image_animation=&#8221;none&#8221; column_link=&#8221;https:\/\/uresim.es\/newsbeauty\/&#8221;]<div class=\"iwithtext\"><div class=\"iwt-icon\"> <i class=\"icon-default-style fa fa-bookmark-o accent-color\"><\/i> <\/div><div class=\"iwt-text\"> \n<h2>NEWS&amp;BEAUTY<\/h2>\n<p>Conhe\u00e7a o mundo da Uresim, as novidades, as mais recentes tend\u00eancias da dermocosm\u00e9tica e produtos para cuidar da pele. Inscreva-se no nosso blogue. <\/div><div class=\"clear\"><\/div><\/div>[\/vc_column][\/vc_row]\n","protected":false},"excerpt":{"rendered":"<p>[vc_row type=&#8221;full_width_background&#8221; full_screen_row_position=&#8221;middle&#8221; column_margin=&#8221;default&#8221; column_direction=&#8221;default&#8221; column_direction_tablet=&#8221;default&#8221; column_direction_phone=&#8221;default&#8221; scene_position=&#8221;center&#8221; top_padding=&#8221;60&#8243; bottom_padding=&#8221;60&#8243; text_color=&#8221;dark&#8221; text_align=&#8221;center&#8221; row_border_radius=&#8221;none&#8221; row_border_radius_applies=&#8221;bg&#8221; overlay_strength=&#8221;0.3&#8243; gradient_direction=&#8221;left_to_right&#8221; shape_divider_position=&#8221;bottom&#8221; bg_image_animation=&#8221;none&#8221;][vc_column column_padding=&#8221;no-extra-padding&#8221; column_padding_tablet=&#8221;inherit&#8221; column_padding_phone=&#8221;inherit&#8221; column_padding_position=&#8221;all&#8221; background_color_opacity=&#8221;1&#8243; background_hover_color_opacity=&#8221;1&#8243; column_shadow=&#8221;none&#8221; column_border_radius=&#8221;none&#8221; column_link_target=&#8221;_self&#8221; gradient_direction=&#8221;left_to_right&#8221; overlay_strength=&#8221;0.3&#8243; width=&#8221;1\/1&#8243;&#8230;<\/p>\n","protected":false},"author":3,"featured_media":0,"parent":0,"menu_order":0,"comment_status":"closed","ping_status":"closed","template":"","meta":{"footnotes":""},"class_list":["post-7228","page","type-page","status-publish"],"_links":{"self":[{"href":"https:\/\/uresim.es\/pt-pt\/wp-json\/wp\/v2\/pages\/7228","targetHints":{"allow":["GET"]}}],"collection":[{"href":"https:\/\/uresim.es\/pt-pt\/wp-json\/wp\/v2\/pages"}],"about":[{"href":"https:\/\/uresim.es\/pt-pt\/wp-json\/wp\/v2\/types\/page"}],"author":[{"embeddable":true,"href":"https:\/\/uresim.es\/pt-pt\/wp-json\/wp\/v2\/users\/3"}],"replies":[{"embeddable":true,"href":"https:\/\/uresim.es\/pt-pt\/wp-json\/wp\/v2\/comments?post=7228"}],"version-history":[{"count":22,"href":"https:\/\/uresim.es\/pt-pt\/wp-json\/wp\/v2\/pages\/7228\/revisions"}],"predecessor-version":[{"id":25845,"href":"https:\/\/uresim.es\/pt-pt\/wp-json\/wp\/v2\/pages\/7228\/revisions\/25845"}],"wp:attachment":[{"href":"https:\/\/uresim.es\/pt-pt\/wp-json\/wp\/v2\/media?parent=7228"}],"curies":[{"name":"wp","href":"https:\/\/api.w.org\/{rel}","templated":true}]}}