{"id":7241,"date":"2018-05-29T13:09:24","date_gmt":"2018-05-29T11:09:24","guid":{"rendered":"https:\/\/uresim.es\/?page_id=7241"},"modified":"2024-09-18T12:33:24","modified_gmt":"2024-09-18T10:33:24","slug":"para-o-corpo","status":"publish","type":"page","link":"https:\/\/uresim.es\/pt-pt\/para-o-corpo\/","title":{"rendered":"Para o corpo"},"content":{"rendered":"[vc_row type=&#8221;full_width_background&#8221; full_screen_row_position=&#8221;middle&#8221; column_margin=&#8221;default&#8221; column_direction=&#8221;default&#8221; column_direction_tablet=&#8221;default&#8221; column_direction_phone=&#8221;default&#8221; scene_position=&#8221;center&#8221; top_padding=&#8221;60&#8243; bottom_padding=&#8221;60&#8243; text_color=&#8221;dark&#8221; text_align=&#8221;center&#8221; row_border_radius=&#8221;none&#8221; row_border_radius_applies=&#8221;bg&#8221; overlay_strength=&#8221;0.3&#8243; gradient_direction=&#8221;left_to_right&#8221; shape_divider_position=&#8221;bottom&#8221; bg_image_animation=&#8221;none&#8221;][vc_column column_padding=&#8221;no-extra-padding&#8221; column_padding_tablet=&#8221;inherit&#8221; column_padding_phone=&#8221;inherit&#8221; column_padding_position=&#8221;all&#8221; background_color_opacity=&#8221;1&#8243; background_hover_color_opacity=&#8221;1&#8243; column_shadow=&#8221;none&#8221; column_border_radius=&#8221;none&#8221; column_link_target=&#8221;_self&#8221; gradient_direction=&#8221;left_to_right&#8221; overlay_strength=&#8221;0.3&#8243; width=&#8221;1\/1&#8243; tablet_width_inherit=&#8221;default&#8221; tablet_text_alignment=&#8221;default&#8221; phone_text_alignment=&#8221;default&#8221; column_border_width=&#8221;none&#8221; column_border_style=&#8221;solid&#8221; bg_image_animation=&#8221;none&#8221;][vc_column_text max_width=&#8221;700&#8243; el_class=&#8221;special-h1&#8243;]\n<h1>PARA O CORPO<\/h1>\n<p>A Uresim coloca \u00e0 sua disposi\u00e7\u00e3o uma solu\u00e7\u00e3o para a higiene o cuidado corporal com tratamentos espec\u00edficos e eficazes.[\/vc_column_text][\/vc_column][\/vc_row][vc_row type=&#8221;full_width_content&#8221; full_screen_row_position=&#8221;middle&#8221; column_margin=&#8221;default&#8221; column_direction=&#8221;default&#8221; column_direction_tablet=&#8221;default&#8221; column_direction_phone=&#8221;default&#8221; scene_position=&#8221;center&#8221; text_color=&#8221;dark&#8221; text_align=&#8221;left&#8221; row_border_radius=&#8221;none&#8221; row_border_radius_applies=&#8221;bg&#8221; overlay_strength=&#8221;0.3&#8243; gradient_direction=&#8221;left_to_right&#8221; shape_divider_position=&#8221;bottom&#8221; bg_image_animation=&#8221;none&#8221;][vc_column column_padding=&#8221;padding-1-percent&#8221; column_padding_tablet=&#8221;inherit&#8221; column_padding_phone=&#8221;inherit&#8221; column_padding_position=&#8221;all&#8221; background_color_opacity=&#8221;1&#8243; background_hover_color_opacity=&#8221;1&#8243; column_shadow=&#8221;none&#8221; column_border_radius=&#8221;none&#8221; column_link_target=&#8221;_self&#8221; gradient_direction=&#8221;left_to_right&#8221; overlay_strength=&#8221;0.3&#8243; width=&#8221;1\/1&#8243; tablet_width_inherit=&#8221;default&#8221; tablet_text_alignment=&#8221;default&#8221; phone_text_alignment=&#8221;default&#8221; column_border_width=&#8221;none&#8221; column_border_style=&#8221;solid&#8221; bg_image_animation=&#8221;none&#8221;][vc_row_inner column_margin=&#8221;default&#8221; column_direction=&#8221;default&#8221; column_direction_tablet=&#8221;default&#8221; column_direction_phone=&#8221;default&#8221; text_align=&#8221;left&#8221;][vc_column_inner column_padding=&#8221;padding-1-percent&#8221; column_padding_tablet=&#8221;inherit&#8221; column_padding_phone=&#8221;inherit&#8221; column_padding_position=&#8221;all&#8221; background_color_opacity=&#8221;1&#8243; background_hover_color_opacity=&#8221;1&#8243; column_shadow=&#8221;none&#8221; column_border_radius=&#8221;none&#8221; column_link_target=&#8221;_self&#8221; gradient_direction=&#8221;left_to_right&#8221; overlay_strength=&#8221;0.3&#8243; width=&#8221;1\/3&#8243; tablet_width_inherit=&#8221;default&#8221; column_border_width=&#8221;none&#8221; column_border_style=&#8221;solid&#8221; bg_image_animation=&#8221;none&#8221;][fancy_box box_style=&#8221;default&#8221; icon_family=&#8221;none&#8221; image_url=&#8221;315&#8243; color=&#8221;accent-color&#8221; border_radius=&#8221;default&#8221; image_loading=&#8221;default&#8221; min_height=&#8221;100&#8243; link_url=&#8221;https:\/\/uresim.es\/pt-pt\/producto\/tratamento-de-mao\/&#8221; link_text=&#8221;Ver produto&#8221;]\n<h2><img loading=\"lazy\" decoding=\"async\" class=\"aligncenter wp-image-25593 size-full\" title=\"Tratamiento de M\u00e3o\" src=\"https:\/\/uresim.es\/wp-content\/uploads\/2021\/02\/URESIM-TRATAMIENTO-MANOS-new-1.jpg\" alt=\"Tratamiento de M\u00e3o\" width=\"250\" height=\"250\" srcset=\"https:\/\/uresim.es\/wp-content\/uploads\/2021\/02\/URESIM-TRATAMIENTO-MANOS-new-1.jpg 250w, https:\/\/uresim.es\/wp-content\/uploads\/2021\/02\/URESIM-TRATAMIENTO-MANOS-new-1-150x150.jpg 150w, https:\/\/uresim.es\/wp-content\/uploads\/2021\/02\/URESIM-TRATAMIENTO-MANOS-new-1-100x100.jpg 100w, https:\/\/uresim.es\/wp-content\/uploads\/2021\/02\/URESIM-TRATAMIENTO-MANOS-new-1-140x140.jpg 140w\" sizes=\"auto, (max-width: 250px) 100vw, 250px\" \/><\/h2>\n<h2>Tratamiento de M\u00e3o<\/h2>\n[\/fancy_box][\/vc_column_inner][vc_column_inner column_padding=&#8221;padding-1-percent&#8221; column_padding_tablet=&#8221;inherit&#8221; column_padding_phone=&#8221;inherit&#8221; column_padding_position=&#8221;all&#8221; background_color_opacity=&#8221;1&#8243; background_hover_color_opacity=&#8221;1&#8243; column_shadow=&#8221;none&#8221; column_border_radius=&#8221;none&#8221; column_link_target=&#8221;_self&#8221; gradient_direction=&#8221;left_to_right&#8221; overlay_strength=&#8221;0.3&#8243; width=&#8221;1\/3&#8243; tablet_width_inherit=&#8221;default&#8221; column_border_width=&#8221;none&#8221; column_border_style=&#8221;solid&#8221; bg_image_animation=&#8221;none&#8221;][fancy_box box_style=&#8221;default&#8221; icon_family=&#8221;none&#8221; image_url=&#8221;315&#8243; color=&#8221;accent-color&#8221; border_radius=&#8221;default&#8221; image_loading=&#8221;default&#8221; min_height=&#8221;100&#8243; link_url=&#8221;https:\/\/uresim.es\/pt-pt\/producto\/creme-de-maos\/&#8221; link_text=&#8221;Ver produto&#8221;]<a href=\"https:\/\/uresim.es\/wp-content\/uploads\/2019\/02\/CREMA-DE-MANOS11.jpg\" rel=\"prettyPhoto[gallery-I3px]\"><img loading=\"lazy\" decoding=\"async\" class=\"aligncenter wp-image-22409 size-full\" title=\"Crema de M\u00e3os\" src=\"https:\/\/uresim.es\/wp-content\/uploads\/2019\/02\/CREMA-DE-MANOS11.jpg\" alt=\"Crema de M\u00e3os\" width=\"250\" height=\"250\" srcset=\"https:\/\/uresim.es\/wp-content\/uploads\/2019\/02\/CREMA-DE-MANOS11.jpg 250w, https:\/\/uresim.es\/wp-content\/uploads\/2019\/02\/CREMA-DE-MANOS11-150x150.jpg 150w, https:\/\/uresim.es\/wp-content\/uploads\/2019\/02\/CREMA-DE-MANOS11-100x100.jpg 100w, https:\/\/uresim.es\/wp-content\/uploads\/2019\/02\/CREMA-DE-MANOS11-140x140.jpg 140w\" sizes=\"auto, (max-width: 250px) 100vw, 250px\" \/><\/a><\/p>\n<h2>Crema de M\u00e3os<\/h2>\n[\/fancy_box][\/vc_column_inner][vc_column_inner column_padding=&#8221;padding-1-percent&#8221; column_padding_tablet=&#8221;inherit&#8221; column_padding_phone=&#8221;inherit&#8221; column_padding_position=&#8221;all&#8221; background_color_opacity=&#8221;1&#8243; background_hover_color_opacity=&#8221;1&#8243; column_shadow=&#8221;none&#8221; column_border_radius=&#8221;none&#8221; column_link_target=&#8221;_self&#8221; gradient_direction=&#8221;left_to_right&#8221; overlay_strength=&#8221;0.3&#8243; width=&#8221;1\/3&#8243; tablet_width_inherit=&#8221;default&#8221; column_border_width=&#8221;none&#8221; column_border_style=&#8221;solid&#8221; bg_image_animation=&#8221;none&#8221;][fancy_box box_style=&#8221;default&#8221; icon_family=&#8221;none&#8221; image_url=&#8221;7183&#8243; color=&#8221;accent-color&#8221; border_radius=&#8221;default&#8221; image_loading=&#8221;default&#8221; min_height=&#8221;100&#8243; link_url=&#8221;https:\/\/uresim.es\/pt-pt\/producto\/limpador-maos-hidroalcoolico\/&#8221; link_text=&#8221;Ver produto&#8221;]<a href=\"https:\/\/uresim.es\/wp-content\/uploads\/2020\/04\/LIMPIADOR-DE-MANOS-scaled.jpg\" rel=\"prettyPhoto[gallery-I3px]\"><img loading=\"lazy\" decoding=\"async\" class=\"aligncenter wp-image-26261 size-medium\" title=\"Limpiador de\u00a0M\u00e3o\" src=\"https:\/\/uresim.es\/wp-content\/uploads\/2020\/04\/LIMPIADOR-DE-MANOS-300x300.jpg\" alt=\"\" width=\"300\" height=\"300\" srcset=\"https:\/\/uresim.es\/wp-content\/uploads\/2020\/04\/LIMPIADOR-DE-MANOS-300x300.jpg 300w, https:\/\/uresim.es\/wp-content\/uploads\/2020\/04\/LIMPIADOR-DE-MANOS-1024x1024.jpg 1024w, https:\/\/uresim.es\/wp-content\/uploads\/2020\/04\/LIMPIADOR-DE-MANOS-150x150.jpg 150w, https:\/\/uresim.es\/wp-content\/uploads\/2020\/04\/LIMPIADOR-DE-MANOS-768x768.jpg 768w, https:\/\/uresim.es\/wp-content\/uploads\/2020\/04\/LIMPIADOR-DE-MANOS-1536x1536.jpg 1536w, https:\/\/uresim.es\/wp-content\/uploads\/2020\/04\/LIMPIADOR-DE-MANOS-2048x2048.jpg 2048w, https:\/\/uresim.es\/wp-content\/uploads\/2020\/04\/LIMPIADOR-DE-MANOS-100x100.jpg 100w, https:\/\/uresim.es\/wp-content\/uploads\/2020\/04\/LIMPIADOR-DE-MANOS-140x140.jpg 140w, https:\/\/uresim.es\/wp-content\/uploads\/2020\/04\/LIMPIADOR-DE-MANOS-500x500.jpg 500w, https:\/\/uresim.es\/wp-content\/uploads\/2020\/04\/LIMPIADOR-DE-MANOS-350x350.jpg 350w, https:\/\/uresim.es\/wp-content\/uploads\/2020\/04\/LIMPIADOR-DE-MANOS-1000x1000.jpg 1000w, https:\/\/uresim.es\/wp-content\/uploads\/2020\/04\/LIMPIADOR-DE-MANOS-800x800.jpg 800w, https:\/\/uresim.es\/wp-content\/uploads\/2020\/04\/LIMPIADOR-DE-MANOS-600x600.jpg 600w\" sizes=\"auto, (max-width: 300px) 100vw, 300px\" \/><\/a><\/p>\n<h2>Limpiador de\u00a0M\u00e3o<\/h2>\n[\/fancy_box][\/vc_column_inner][\/vc_row_inner][vc_row_inner column_margin=&#8221;default&#8221; column_direction=&#8221;default&#8221; column_direction_tablet=&#8221;default&#8221; column_direction_phone=&#8221;default&#8221; text_align=&#8221;left&#8221;][vc_column_inner column_padding=&#8221;padding-1-percent&#8221; column_padding_tablet=&#8221;inherit&#8221; column_padding_phone=&#8221;inherit&#8221; column_padding_position=&#8221;all&#8221; background_color_opacity=&#8221;1&#8243; background_hover_color_opacity=&#8221;1&#8243; column_shadow=&#8221;none&#8221; column_border_radius=&#8221;none&#8221; column_link_target=&#8221;_self&#8221; gradient_direction=&#8221;left_to_right&#8221; overlay_strength=&#8221;0.3&#8243; width=&#8221;1\/3&#8243; tablet_width_inherit=&#8221;default&#8221; column_border_width=&#8221;none&#8221; column_border_style=&#8221;solid&#8221; bg_image_animation=&#8221;none&#8221;][fancy_box box_style=&#8221;default&#8221; icon_family=&#8221;none&#8221; image_url=&#8221;315&#8243; color=&#8221;accent-color&#8221; border_radius=&#8221;default&#8221; image_loading=&#8221;default&#8221; min_height=&#8221;100&#8243; link_url=&#8221;https:\/\/uresim.es\/pt-pt\/producto\/emulsao-corporal-com-10-de-ureia\/&#8221; link_text=&#8221;Ver produto&#8221;]<a href=\"https:\/\/uresim.es\/wp-content\/uploads\/2022\/01\/EMULSION-URESIM-1024x683.jpg\" rel=\"prettyPhoto[gallery-I3px]\"><img loading=\"lazy\" decoding=\"async\" class=\"aligncenter wp-image-26298 \" title=\"Emuls\u00e3o corporal com 10% de Ureia\" src=\"https:\/\/uresim.es\/wp-content\/uploads\/2022\/01\/EMULSION-URESIM-1024x683.jpg\" alt=\"\" width=\"459\" height=\"306\" srcset=\"https:\/\/uresim.es\/wp-content\/uploads\/2022\/01\/EMULSION-URESIM-1024x683.jpg 1024w, https:\/\/uresim.es\/wp-content\/uploads\/2022\/01\/EMULSION-URESIM-300x200.jpg 300w, https:\/\/uresim.es\/wp-content\/uploads\/2022\/01\/EMULSION-URESIM-768x512.jpg 768w, https:\/\/uresim.es\/wp-content\/uploads\/2022\/01\/EMULSION-URESIM-1536x1024.jpg 1536w, https:\/\/uresim.es\/wp-content\/uploads\/2022\/01\/EMULSION-URESIM-2048x1366.jpg 2048w, https:\/\/uresim.es\/wp-content\/uploads\/2022\/01\/EMULSION-URESIM-900x600.jpg 900w, https:\/\/uresim.es\/wp-content\/uploads\/2022\/01\/EMULSION-URESIM-600x400.jpg 600w\" sizes=\"auto, (max-width: 459px) 100vw, 459px\" \/><\/a><\/p>\n<h2>Emuls\u00e3o corporal com 10% de Ureia<\/h2>\n[\/fancy_box][\/vc_column_inner][vc_column_inner column_padding=&#8221;padding-1-percent&#8221; column_padding_tablet=&#8221;inherit&#8221; column_padding_phone=&#8221;inherit&#8221; column_padding_position=&#8221;all&#8221; background_color_opacity=&#8221;1&#8243; background_hover_color_opacity=&#8221;1&#8243; column_shadow=&#8221;none&#8221; column_border_radius=&#8221;none&#8221; column_link_target=&#8221;_self&#8221; gradient_direction=&#8221;left_to_right&#8221; overlay_strength=&#8221;0.3&#8243; width=&#8221;1\/3&#8243; tablet_width_inherit=&#8221;default&#8221; column_border_width=&#8221;none&#8221; column_border_style=&#8221;solid&#8221; bg_image_animation=&#8221;none&#8221;][fancy_box box_style=&#8221;default&#8221; icon_family=&#8221;none&#8221; image_url=&#8221;315&#8243; color=&#8221;accent-color&#8221; border_radius=&#8221;default&#8221; image_loading=&#8221;default&#8221; min_height=&#8221;100&#8243; link_url=&#8221;https:\/\/uresim.es\/pt-pt\/producto\/gel-intimo\/&#8221; link_text=&#8221;Ver produto&#8221;]<a href=\"https:\/\/uresim.es\/wp-content\/uploads\/2018\/02\/GEL-INTIMO1-111.png\" rel=\"prettyPhoto[gallery-I3px]\"><img loading=\"lazy\" decoding=\"async\" class=\"aligncenter wp-image-22462 \" title=\"Gel \u00cdntimo\" src=\"https:\/\/uresim.es\/wp-content\/uploads\/2018\/02\/GEL-INTIMO1-111.png\" alt=\"Gel \u00cdntimo\" width=\"288\" height=\"288\" srcset=\"https:\/\/uresim.es\/wp-content\/uploads\/2018\/02\/GEL-INTIMO1-111.png 250w, https:\/\/uresim.es\/wp-content\/uploads\/2018\/02\/GEL-INTIMO1-111-150x150.png 150w, https:\/\/uresim.es\/wp-content\/uploads\/2018\/02\/GEL-INTIMO1-111-100x100.png 100w, https:\/\/uresim.es\/wp-content\/uploads\/2018\/02\/GEL-INTIMO1-111-140x140.png 140w\" sizes=\"auto, (max-width: 288px) 100vw, 288px\" \/><\/a><\/p>\n<h2>Gel \u00cdntimo<\/h2>\n[\/fancy_box][\/vc_column_inner][vc_column_inner column_padding=&#8221;padding-1-percent&#8221; column_padding_tablet=&#8221;inherit&#8221; column_padding_phone=&#8221;inherit&#8221; column_padding_position=&#8221;all&#8221; background_color_opacity=&#8221;1&#8243; background_hover_color_opacity=&#8221;1&#8243; column_shadow=&#8221;none&#8221; column_border_radius=&#8221;none&#8221; column_link_target=&#8221;_self&#8221; gradient_direction=&#8221;left_to_right&#8221; overlay_strength=&#8221;0.3&#8243; width=&#8221;1\/3&#8243; tablet_width_inherit=&#8221;default&#8221; column_border_width=&#8221;none&#8221; column_border_style=&#8221;solid&#8221; bg_image_animation=&#8221;none&#8221;][fancy_box box_style=&#8221;default&#8221; icon_family=&#8221;none&#8221; image_url=&#8221;315&#8243; color=&#8221;accent-color&#8221; border_radius=&#8221;default&#8221; image_loading=&#8221;default&#8221; min_height=&#8221;100&#8243; link_url=&#8221;https:\/\/uresim.es\/pt-pt\/producto\/gel-frio\/&#8221; link_text=&#8221;Ver produto&#8221;]<a href=\"https:\/\/uresim.es\/wp-content\/uploads\/2017\/10\/crema-pies150.png\" rel=\"prettyPhoto[gallery-I3px]\"><img loading=\"lazy\" decoding=\"async\" class=\"aligncenter wp-image-7248 size-full\" title=\"Gel Frio\" src=\"https:\/\/uresim.es\/wp-content\/uploads\/2017\/10\/crema-pies150.png\" alt=\"Gel Frio\" width=\"243\" height=\"250\" \/><\/a><\/p>\n<h2>Gel Frio<\/h2>\n[\/fancy_box][\/vc_column_inner][\/vc_row_inner][\/vc_column][\/vc_row][vc_row type=&#8221;full_width_background&#8221; full_screen_row_position=&#8221;middle&#8221; column_margin=&#8221;default&#8221; column_direction=&#8221;default&#8221; column_direction_tablet=&#8221;default&#8221; column_direction_phone=&#8221;default&#8221; scene_position=&#8221;center&#8221; top_padding=&#8221;60&#8243; bottom_padding=&#8221;60&#8243; text_color=&#8221;dark&#8221; text_align=&#8221;left&#8221; row_border_radius=&#8221;none&#8221; row_border_radius_applies=&#8221;bg&#8221; overlay_strength=&#8221;0.3&#8243; gradient_direction=&#8221;left_to_right&#8221; shape_divider_position=&#8221;bottom&#8221; bg_image_animation=&#8221;none&#8221;][vc_column column_padding=&#8221;padding-1-percent&#8221; column_padding_tablet=&#8221;inherit&#8221; column_padding_phone=&#8221;inherit&#8221; column_padding_position=&#8221;all&#8221; background_color_opacity=&#8221;1&#8243; background_hover_color_opacity=&#8221;1&#8243; column_shadow=&#8221;none&#8221; column_border_radius=&#8221;none&#8221; column_link_target=&#8221;_self&#8221; gradient_direction=&#8221;left_to_right&#8221; overlay_strength=&#8221;0.3&#8243; width=&#8221;1\/2&#8243; tablet_width_inherit=&#8221;default&#8221; tablet_text_alignment=&#8221;default&#8221; phone_text_alignment=&#8221;default&#8221; column_border_width=&#8221;none&#8221; column_border_style=&#8221;solid&#8221; bg_image_animation=&#8221;none&#8221; column_link=&#8221;https:\/\/uresim.es\/donde-comprar\/&#8221;]<div class=\"iwithtext\"><div class=\"iwt-icon\"> <i class=\"icon-default-style fa fa-search accent-color\"><\/i> <\/div><div class=\"iwt-text\"> \n<h2>ONDE ESTAMOS<\/h2>\n<p>Descubra os produtos Uresim na sua farm\u00e1cia. <\/div><div class=\"clear\"><\/div><\/div>[\/vc_column][vc_column column_padding=&#8221;padding-1-percent&#8221; column_padding_tablet=&#8221;inherit&#8221; column_padding_phone=&#8221;inherit&#8221; column_padding_position=&#8221;all&#8221; background_color_opacity=&#8221;1&#8243; background_hover_color_opacity=&#8221;1&#8243; column_shadow=&#8221;none&#8221; column_border_radius=&#8221;none&#8221; column_link_target=&#8221;_self&#8221; gradient_direction=&#8221;left_to_right&#8221; overlay_strength=&#8221;0.3&#8243; width=&#8221;1\/2&#8243; tablet_width_inherit=&#8221;default&#8221; tablet_text_alignment=&#8221;default&#8221; phone_text_alignment=&#8221;default&#8221; column_border_width=&#8221;none&#8221; column_border_style=&#8221;solid&#8221; bg_image_animation=&#8221;none&#8221; column_link=&#8221;https:\/\/uresim.es\/newsbeauty\/&#8221;]<div class=\"iwithtext\"><div class=\"iwt-icon\"> <i class=\"icon-default-style fa fa-bookmark-o accent-color\"><\/i> <\/div><div class=\"iwt-text\"> \n<h2>NEWS&amp;BEAUTY<\/h2>\n<p>Conhe\u00e7a o mundo da Uresim, as novidades, as mais recentes tend\u00eancias da dermocosm\u00e9tica e produtos para cuidar da pele. Inscreva-se no nosso blogue. <\/div><div class=\"clear\"><\/div><\/div>[\/vc_column][\/vc_row]\n","protected":false},"excerpt":{"rendered":"<p>[vc_row type=&#8221;full_width_background&#8221; full_screen_row_position=&#8221;middle&#8221; column_margin=&#8221;default&#8221; column_direction=&#8221;default&#8221; column_direction_tablet=&#8221;default&#8221; column_direction_phone=&#8221;default&#8221; scene_position=&#8221;center&#8221; top_padding=&#8221;60&#8243; bottom_padding=&#8221;60&#8243; text_color=&#8221;dark&#8221; text_align=&#8221;center&#8221; row_border_radius=&#8221;none&#8221; row_border_radius_applies=&#8221;bg&#8221; overlay_strength=&#8221;0.3&#8243; gradient_direction=&#8221;left_to_right&#8221; shape_divider_position=&#8221;bottom&#8221; bg_image_animation=&#8221;none&#8221;][vc_column column_padding=&#8221;no-extra-padding&#8221; column_padding_tablet=&#8221;inherit&#8221; column_padding_phone=&#8221;inherit&#8221; column_padding_position=&#8221;all&#8221; background_color_opacity=&#8221;1&#8243; background_hover_color_opacity=&#8221;1&#8243; column_shadow=&#8221;none&#8221; column_border_radius=&#8221;none&#8221; column_link_target=&#8221;_self&#8221; gradient_direction=&#8221;left_to_right&#8221; overlay_strength=&#8221;0.3&#8243; width=&#8221;1\/1&#8243;&#8230;<\/p>\n","protected":false},"author":3,"featured_media":0,"parent":0,"menu_order":0,"comment_status":"closed","ping_status":"closed","template":"","meta":{"footnotes":""},"class_list":["post-7241","page","type-page","status-publish"],"_links":{"self":[{"href":"https:\/\/uresim.es\/pt-pt\/wp-json\/wp\/v2\/pages\/7241","targetHints":{"allow":["GET"]}}],"collection":[{"href":"https:\/\/uresim.es\/pt-pt\/wp-json\/wp\/v2\/pages"}],"about":[{"href":"https:\/\/uresim.es\/pt-pt\/wp-json\/wp\/v2\/types\/page"}],"author":[{"embeddable":true,"href":"https:\/\/uresim.es\/pt-pt\/wp-json\/wp\/v2\/users\/3"}],"replies":[{"embeddable":true,"href":"https:\/\/uresim.es\/pt-pt\/wp-json\/wp\/v2\/comments?post=7241"}],"version-history":[{"count":22,"href":"https:\/\/uresim.es\/pt-pt\/wp-json\/wp\/v2\/pages\/7241\/revisions"}],"predecessor-version":[{"id":26312,"href":"https:\/\/uresim.es\/pt-pt\/wp-json\/wp\/v2\/pages\/7241\/revisions\/26312"}],"wp:attachment":[{"href":"https:\/\/uresim.es\/pt-pt\/wp-json\/wp\/v2\/media?parent=7241"}],"curies":[{"name":"wp","href":"https:\/\/api.w.org\/{rel}","templated":true}]}}